{"id":1313,"date":"2015-11-01T15:26:16","date_gmt":"2015-11-01T14:26:16","guid":{"rendered":"http:\/\/christen-bamberg.de\/?page_id=1313"},"modified":"2025-11-09T20:06:22","modified_gmt":"2025-11-09T19:06:22","slug":"evangelistische-vortraege-mit-andreas-fett","status":"publish","type":"page","link":"https:\/\/www.christen-bamberg.de\/?page_id=1313","title":{"rendered":"Evangelistische Vortr\u00e4ge"},"content":{"rendered":"\n<p><strong>Herzliche Einladung!<\/strong><\/p>\n\n\n\n<p>Die Vortr\u00e4ge von und mit Richard Henrich finden Sie demn\u00e4chst auch hier zum Nachh\u00f6ren.<\/p>\n\n\n\n<p><\/p>\n\n\n\n<figure class=\"wp-block-image size-large\"><a href=\"https:\/\/www.christen-bamberg.de\/wordpress\/wp-content\/uploads\/2025\/11\/1.jpg\"><img loading=\"lazy\" decoding=\"async\" width=\"724\" height=\"1024\" src=\"https:\/\/www.christen-bamberg.de\/wordpress\/wp-content\/uploads\/2025\/11\/1-724x1024.jpg\" alt=\"\" class=\"wp-image-29261\" srcset=\"https:\/\/www.christen-bamberg.de\/wordpress\/wp-content\/uploads\/2025\/11\/1-724x1024.jpg 724w, https:\/\/www.christen-bamberg.de\/wordpress\/wp-content\/uploads\/2025\/11\/1-212x300.jpg 212w, https:\/\/www.christen-bamberg.de\/wordpress\/wp-content\/uploads\/2025\/11\/1-768x1086.jpg 768w, https:\/\/www.christen-bamberg.de\/wordpress\/wp-content\/uploads\/2025\/11\/1-1086x1536.jpg 1086w, https:\/\/www.christen-bamberg.de\/wordpress\/wp-content\/uploads\/2025\/11\/1-624x883.jpg 624w, https:\/\/www.christen-bamberg.de\/wordpress\/wp-content\/uploads\/2025\/11\/1.jpg 1414w\" sizes=\"auto, (max-width: 724px) 100vw, 724px\" \/><\/a><\/figure>\n\n\n<p>[table id=10 \/]<\/p>\n\n\n<p><\/p>\n","protected":false},"excerpt":{"rendered":"<p>Herzliche Einladung! Die Vortr\u00e4ge von und mit Richard Henrich finden Sie demn\u00e4chst auch hier zum Nachh\u00f6ren. [table id=10 \/]<\/p>\n","protected":false},"author":1,"featured_media":0,"parent":0,"menu_order":0,"comment_status":"closed","ping_status":"closed","template":"page-templates\/full-width.php","meta":{"footnotes":""},"class_list":["post-1313","page","type-page","status-publish","hentry"],"_links":{"self":[{"href":"https:\/\/www.christen-bamberg.de\/index.php?rest_route=\/wp\/v2\/pages\/1313","targetHints":{"allow":["GET"]}}],"collection":[{"href":"https:\/\/www.christen-bamberg.de\/index.php?rest_route=\/wp\/v2\/pages"}],"about":[{"href":"https:\/\/www.christen-bamberg.de\/index.php?rest_route=\/wp\/v2\/types\/page"}],"author":[{"embeddable":true,"href":"https:\/\/www.christen-bamberg.de\/index.php?rest_route=\/wp\/v2\/users\/1"}],"replies":[{"embeddable":true,"href":"https:\/\/www.christen-bamberg.de\/index.php?rest_route=%2Fwp%2Fv2%2Fcomments&post=1313"}],"version-history":[{"count":6,"href":"https:\/\/www.christen-bamberg.de\/index.php?rest_route=\/wp\/v2\/pages\/1313\/revisions"}],"predecessor-version":[{"id":29266,"href":"https:\/\/www.christen-bamberg.de\/index.php?rest_route=\/wp\/v2\/pages\/1313\/revisions\/29266"}],"wp:attachment":[{"href":"https:\/\/www.christen-bamberg.de\/index.php?rest_route=%2Fwp%2Fv2%2Fmedia&parent=1313"}],"curies":[{"name":"wp","href":"https:\/\/api.w.org\/{rel}","templated":true}]}}