{"id":1550,"date":"2016-03-06T20:10:26","date_gmt":"2016-03-06T19:10:26","guid":{"rendered":"http:\/\/christen-bamberg.de\/?page_id=1550"},"modified":"2020-04-24T11:54:15","modified_gmt":"2020-04-24T09:54:15","slug":"bamberg-und-die-welt","status":"publish","type":"page","link":"https:\/\/www.christen-bamberg.de\/?page_id=1550","title":{"rendered":"Bamberg und die Welt"},"content":{"rendered":"<div id=\"pl-1550\"  class=\"panel-layout\" >\n<div id=\"pg-1550-0\"  class=\"panel-grid panel-no-style\" >\n<div id=\"pgc-1550-0-0\"  class=\"panel-grid-cell\"  data-weight=\"1\" >\n<div id=\"panel-1550-0-0-0\" class=\"so-panel widget widget_text panel-first-child\" data-index=\"0\" data-style=\"{&quot;background_image_attachment&quot;:false,&quot;background_display&quot;:&quot;tile&quot;}\" >\n<h3 class=\"widget-title\">Missionsnachrichten<\/h3>\n<div class=\"textwidget\">\n<p>&#8222;Wie sollen sie aber den anrufen, an den sie nicht glauben? Wie sollen sie aber an den glauben, von dem sie nichts geh\u00f6rt haben? Wie sollen sie aber h\u00f6ren ohne Prediger?&#8220;<br \/>\nR\u00f6mer 10,14<\/p>\n<\/div><\/div>\n<div id=\"panel-1550-0-0-1\" class=\"so-panel widget widget_rss\" data-index=\"1\" data-style=\"{&quot;background_image_attachment&quot;:false,&quot;background_display&quot;:&quot;tile&quot;}\" ><h3 class=\"widget-title\"><a class=\"rsswidget rss-widget-feed\" href=\"http:\/\/www.missionswerk-heukelbach.de\/index.php?option=com_podcast&#038;view=feed&#038;format=raw\"><img decoding=\"async\" class=\"rss-widget-icon\" style=\"border:0\" width=\"14\" height=\"14\" src=\"https:\/\/www.christen-bamberg.de\/wordpress\/wp-includes\/images\/rss.png\" alt=\"RSS\" loading=\"lazy\" \/><\/a> <a class=\"rsswidget rss-widget-title\" href=\"https:\/\/heukelbach.org\/\">Stiftung Heukelbach<\/a><\/h3><ul><li><a class='rsswidget' href='https:\/\/heukelbach.org\/ostern-evangelistisch\/b'>Ostern 2026 evangelistisch nutzen: 11 Ideen, wie du deinen Glauben teilen kannst<\/a> <span class=\"rss-date\">2026-03-23<\/span><div class=\"rssSummary\">Ostern \u00f6ffnet T\u00fcren f\u00fcr evangelistische Gespr\u00e4che wie kaum eine andere Zeit im Jahr. Entdecke 11 konkrete Ideen, wie du die Osterbotschaft in deiner Nachbarschaft kreativ und authentisch weitergeben kannst \u2013 von evangelistischer Literatur \u00fcber den Ostergarten Stuttgart bis hin zu einem Essen mit internationalen Studenten. Viel Spa\u00df beim Ausprobieren! Der Beitrag Ostern 2026 evangelistisch nutzen: [&hellip;]<\/div> <cite>heukelbach<\/cite><\/li><\/ul><\/div>\n<div id=\"panel-1550-0-0-2\" class=\"so-panel widget widget_rss\" data-index=\"2\" data-style=\"{&quot;background_image_attachment&quot;:false,&quot;background_display&quot;:&quot;tile&quot;}\" ><h3 class=\"widget-title\"><a class=\"rsswidget rss-widget-feed\" href=\"https:\/\/heartcrymissionary.com\/feed\/heartcry\"><img decoding=\"async\" class=\"rss-widget-icon\" style=\"border:0\" width=\"14\" height=\"14\" src=\"https:\/\/www.christen-bamberg.de\/wordpress\/wp-includes\/images\/rss.png\" alt=\"RSS\" loading=\"lazy\" \/><\/a> <a class=\"rsswidget rss-widget-title\" href=\"https:\/\/heartcrymissionary.com\/\">HeartCry Missionary Society<\/a><\/h3><ul><li><a class='rsswidget' href='https:\/\/heartcrymissionary.com\/heartcry-magazines\/a-brief-excursion\/'>A Brief Excursion<\/a> <span class=\"rss-date\">2025-03-13<\/span><div class=\"rssSummary\">A Brief Excursion - Paul Washer New Missionaries Added in 2024 Our Financial Principles 2024 Financial Year in Review<\/div><\/li><\/ul><\/div>\n<div id=\"panel-1550-0-0-3\" class=\"so-panel widget widget_rss\" data-index=\"3\" data-style=\"{&quot;background_image_attachment&quot;:false,&quot;background_display&quot;:&quot;tile&quot;}\" ><h3 class=\"widget-title\"><a class=\"rsswidget rss-widget-feed\" href=\"https:\/\/ethnos360.org\/feeds\/mission-news\"><img decoding=\"async\" class=\"rss-widget-icon\" style=\"border:0\" width=\"14\" height=\"14\" src=\"https:\/\/www.christen-bamberg.de\/wordpress\/wp-includes\/images\/rss.png\" alt=\"RSS\" loading=\"lazy\" \/><\/a> <a class=\"rsswidget rss-widget-title\" href=\"https:\/\/ethnos360.org\/\">Ethnos360 Mission News<\/a><\/h3><ul><li><a class='rsswidget' href='https:\/\/ethnos360.org\/stories\/story\/the-fields-are-white-for-harvest'>The Fields Are White for Harvest<\/a> <span class=\"rss-date\">2026-02-19<\/span><div class=\"rssSummary\">As we venture into new regions of Arctic Canada, we recognize the need for more survey research to steward the resources and personnel God has given us in the wisest way possible. Ministry opportunity assessments will help us determine where to send missionaries, how many missionaries are needed, what kind of access the people group [&hellip;]<\/div><\/li><\/ul><\/div>\n<div id=\"panel-1550-0-0-4\" class=\"so-panel widget widget_black-studio-tinymce widget_black_studio_tinymce panel-last-child\" data-index=\"4\" data-style=\"{&quot;background_image_attachment&quot;:false,&quot;background_display&quot;:&quot;tile&quot;}\" >\n<h3 class=\"widget-title\">Biographien von Missionaren<\/h3>\n<div class=\"textwidget\">\n<p style=\"text-align: left;\">Nachfolgend einige Buchempfehlungen die wir Ihnen passend zum Thema: Mission unter den Unerreichten in aller Welt vorstellen m\u00f6chten.<\/p>\n<p>Sie haben die M\u00f6glichkeit diese Biographien z.T. auch unter der Homepage: <a href=\"http:\/\/www.clv.de\">www.clv.de<\/a> als Download &#8211; kostenlos &#8211; zu erhalten.<\/div>\n<\/div>\n<\/div>\n<\/div>\n<div id=\"pg-1550-1\"  class=\"panel-grid panel-no-style\"  data-style=\"{&quot;background_display&quot;:&quot;tile&quot;}\" >\n<div id=\"pgc-1550-1-0\"  class=\"panel-grid-cell\"  data-weight=\"0.5\" >\n<div id=\"panel-1550-1-0-0\" class=\"so-panel widget widget_black-studio-tinymce widget_black_studio_tinymce panel-first-child panel-last-child\" data-index=\"5\" data-style=\"{&quot;background_image_attachment&quot;:false,&quot;background_display&quot;:&quot;tile&quot;}\" >\n<h3 class=\"widget-title\">Biographie: J. Hudson Taylor<\/h3>\n<div class=\"textwidget\">\n<div class=\"detailsInfo clear\">\n<div class=\"productLeft\">\n<div class=\"picture\"><a id=\"zoom1\" href=\"http:\/\/clv.de\/out\/pictures\/master\/product\/1\/255612.jpg\"> <\/a><img loading=\"lazy\" decoding=\"async\" class=\"alignnone size-full wp-image-2925\" src=\"https:\/\/www.christen-bamberg.de\/wordpress\/wp-content\/uploads\/2019\/09\/Screenshot.png\" alt=\"\" width=\"330\" height=\"505\" data-id=\"2925\" srcset=\"https:\/\/www.christen-bamberg.de\/wordpress\/wp-content\/uploads\/2019\/09\/Screenshot.png 330w, https:\/\/www.christen-bamberg.de\/wordpress\/wp-content\/uploads\/2019\/09\/Screenshot-196x300.png 196w\" sizes=\"auto, (max-width: 330px) 100vw, 330px\" \/><\/div>\n<\/div>\n<\/div>\n<\/div>\n<\/div>\n<\/div>\n<div id=\"pgc-1550-1-1\"  class=\"panel-grid-cell\"  data-weight=\"0.5\" >\n<div id=\"panel-1550-1-1-0\" class=\"so-panel widget widget_black-studio-tinymce widget_black_studio_tinymce panel-first-child panel-last-child\" data-index=\"6\" data-style=\"{&quot;background_display&quot;:&quot;tile&quot;}\" >\n<h3 class=\"widget-title\">Buchbeschreibung<\/h3>\n<div class=\"textwidget\">\n<p style=\"text-align: justify;\">Felsenfest davon \u00fcberzeugt, von Gott selbst in diese Aufgabe gerufen zu sein, wagt Hudson Taylor Mitte des 19. Jahrhunderts den Aufbruch nach China und beginnt dort seine erfolgreiche Arbeit. Seine grenzenlose Liebe zu den Menschen, die Bereitschaft, M\u00fche, Leiden und Anstrengungen auf sich zu nehmen, seine au\u00dfergew\u00f6hnliche Bescheidenheit gepaart mit einer sehr n\u00fcchternen Einsch\u00e4tzung seiner M\u00f6glichkeiten \u2013 all das machte ihn zu dem Menschen, den Gott gebrauchen konnte. Ein hochaktuelles und lesenswertes Buch f\u00fcr jeden, der offen daf\u00fcr ist, einem ungew\u00f6hnlichen Menschen auf seinem au\u00dfergew\u00f6hnlichen Lebensweg zu folgen und etwas von der Herausforderung zu sp\u00fcren, die mit einem solchen Leben verbunden ist.<\/p>\n<\/div>\n<\/div>\n<\/div>\n<\/div>\n<div id=\"pg-1550-2\"  class=\"panel-grid panel-no-style\" >\n<div id=\"pgc-1550-2-0\"  class=\"panel-grid-cell\"  data-weight=\"0.5\" >\n<div id=\"panel-1550-2-0-0\" class=\"so-panel widget widget_black-studio-tinymce widget_black_studio_tinymce panel-first-child panel-last-child\" data-index=\"7\" data-style=\"{&quot;background_image_attachment&quot;:false,&quot;background_display&quot;:&quot;tile&quot;}\" >\n<h3 class=\"widget-title\">Biographie: Jim Elliot<\/h3>\n<div class=\"textwidget\"><img loading=\"lazy\" decoding=\"async\" class=\"wp-image-1628 \" src=\"https:\/\/www.christen-bamberg.de\/wordpress\/wp-content\/uploads\/2016\/03\/255957.jpg\" width=\"243\" height=\"384\" data-id=\"1628\" srcset=\"https:\/\/www.christen-bamberg.de\/wordpress\/wp-content\/uploads\/2016\/03\/255957.jpg 215w, https:\/\/www.christen-bamberg.de\/wordpress\/wp-content\/uploads\/2016\/03\/255957-190x300.jpg 190w\" sizes=\"auto, (max-width: 243px) 100vw, 243px\" \/><\/div>\n<\/div>\n<\/div>\n<div id=\"pgc-1550-2-1\"  class=\"panel-grid-cell\"  data-weight=\"0.5\" >\n<div id=\"panel-1550-2-1-0\" class=\"so-panel widget widget_black-studio-tinymce widget_black_studio_tinymce panel-first-child panel-last-child\" data-index=\"8\" data-style=\"{&quot;background_display&quot;:&quot;tile&quot;}\" >\n<h3 class=\"widget-title\">Buchbeschreibung<\/h3>\n<div class=\"textwidget\">\n<p style=\"text-align: justify;\">Das \u00bbVerm\u00e4chtnis\u00ab des jungen Pioniermissionars Jim Elliot, der 1956 im Alter von 28 Jahren von den Auca-Indianern ermordet wurde. Unz\u00e4hlige junge Christen haben durch dieses Buch entscheidende Anst\u00f6\u00dfe zu einem gottgeweihten Leben bekommen. Elliot hat dieses Tagebuch vor allem w\u00e4hrend seiner Studien- und Verlobungszeit geschrieben. Es beeindruckt jeden Leser durch die Aufrichtigkeit und Hingabe, mit der er seine Zweifel, Krisen, Niederlagen und Glaubenserfahrungen beschreibt. Hier ringt ein junger Mann um jeden Preis um ein kompromissloses Leben zur Verherrlichung Gottes. Eines der wenigen B\u00fccher, die jeder Christ neben der Bibel gelesen haben sollte.<\/p>\n<\/div>\n<\/div>\n<\/div>\n<\/div>\n<div id=\"pg-1550-3\"  class=\"panel-grid panel-no-style\" >\n<div id=\"pgc-1550-3-0\"  class=\"panel-grid-cell\"  data-weight=\"0.5\" >\n<div id=\"panel-1550-3-0-0\" class=\"so-panel widget widget_black-studio-tinymce widget_black_studio_tinymce panel-first-child panel-last-child\" data-index=\"9\" data-style=\"{&quot;background_image_attachment&quot;:false,&quot;background_display&quot;:&quot;tile&quot;}\" >\n<h3 class=\"widget-title\">Biographie: Charles T. Studd<\/h3>\n<div class=\"textwidget\"><img loading=\"lazy\" decoding=\"async\" class=\" wp-image-2635\" src=\"https:\/\/www.christen-bamberg.de\/wordpress\/wp-content\/uploads\/2019\/06\/256275_charles_t_studd_pb_3d_01-187x300.png\" alt=\"\" width=\"252\" height=\"404\" data-id=\"2635\" srcset=\"https:\/\/www.christen-bamberg.de\/wordpress\/wp-content\/uploads\/2019\/06\/256275_charles_t_studd_pb_3d_01-187x300.png 187w, https:\/\/www.christen-bamberg.de\/wordpress\/wp-content\/uploads\/2019\/06\/256275_charles_t_studd_pb_3d_01.png 414w\" sizes=\"auto, (max-width: 252px) 100vw, 252px\" \/><\/div>\n<\/div>\n<\/div>\n<div id=\"pgc-1550-3-1\"  class=\"panel-grid-cell\"  data-weight=\"0.5\" >\n<div id=\"panel-1550-3-1-0\" class=\"so-panel widget widget_black-studio-tinymce widget_black_studio_tinymce panel-first-child panel-last-child\" data-index=\"10\" data-style=\"{&quot;background_image_attachment&quot;:false,&quot;background_display&quot;:&quot;tile&quot;}\" >\n<h3 class=\"widget-title\">Buchbeschreibung<\/h3>\n<div class=\"textwidget\">\n<div class=\"medialist medialistsingle\"><\/div>\n<div id=\"divProductDescription\" class=\"section\">\n<div class=\"content\">\n<div id=\"description\">\n<p>Charles Thomas Studd (1860\u20131931), Spitzensportler und Millionenerbe, erkennt am Krankenbett seines Bruders schlagartig, dass sportliche Anerkennung, Ruhm, Geld und sogar das Leben in k\u00fcrzester Zeit vergehen k\u00f6nnen. Wenig sp\u00e4ter f\u00e4llt ihm die Kampfschrift eines Atheisten in die H\u00e4nde, in der die Frage nach echtem, konsequentem Christsein gestellt wird. C. T. Studd beschlie\u00dft, alle Inkonsequenz hinter sich zu lassen, und beginnt das Wagnis eines Lebens der Hingabe an Gott. Nachdem er seine Erfolg versprechende Karriere als Kricketspieler und Jurist an den Nagel geh\u00e4ngt hat, wird er Missionar \u2013 zun\u00e4chst in China, dann in Indien und Afrika. Sein Millionenverm\u00f6gen verschenkt er. Auf abenteuerlichen Wegen erreicht er das Innere Afrikas, durchzieht malariaverseuchte Gebiete und begegnet Kannibalen. Menschen, die noch nie von Jesus Christus geh\u00f6rt haben, erfahren die einzigartige Nachricht des Evangeliums, und es entstehen einheimische Gemeinden. Neben zahllosen R\u00fcckschl\u00e4gen und Schwierigkeiten erlebt C. T. Studd immer wieder Gottes Eingreifen. Prek\u00e4ren Situationen begegnete er mit Gottvertrauen, erstaunlicher Ausdauer \u2013 und Humor.<\/p>\n<p>Aus der 1913 von Studd gegr\u00fcndeten \u00bbHeart of Africa Mission\u00ab wurde das heute weltweit t\u00e4tige Missionswerk \u00bbWEC International\u00ab (Weltweiter Einsatz f\u00fcr Christus).<\/p><\/div>\n<\/div>\n<\/div>\n<\/div>\n<\/div>\n<\/div>\n<\/div>\n<div id=\"pg-1550-4\"  class=\"panel-grid panel-no-style\"  data-style=\"{&quot;background_image_attachment&quot;:false,&quot;background_display&quot;:&quot;tile&quot;,&quot;cell_alignment&quot;:&quot;flex-start&quot;}\"  data-ratio=\"1\"  data-ratio-direction=\"right\" >\n<div id=\"pgc-1550-4-0\"  class=\"panel-grid-cell\"  data-weight=\"1\" >\n<div id=\"panel-1550-4-0-0\" class=\"so-panel widget widget_text panel-first-child panel-last-child\" data-index=\"11\" data-style=\"{&quot;background_image_attachment&quot;:false,&quot;background_display&quot;:&quot;tile&quot;}\" >\n<h3 class=\"widget-title\">LINKS (zum Thema)<\/h3>\n<div class=\"textwidget\"><\/div>\n<\/p><\/div>\n<\/div>\n<\/div>\n<div id=\"pg-1550-5\"  class=\"panel-grid panel-no-style\"  data-style=\"{&quot;background_image_attachment&quot;:false,&quot;background_display&quot;:&quot;tile&quot;,&quot;cell_alignment&quot;:&quot;flex-start&quot;}\" >\n<div id=\"pgc-1550-5-0\"  class=\"panel-grid-cell\"  data-weight=\"0.5\" >\n<div id=\"panel-1550-5-0-0\" class=\"so-panel widget widget_origin_button panel-first-child panel-last-child\" data-index=\"12\" data-style=\"{&quot;background_image_attachment&quot;:false,&quot;background_display&quot;:&quot;tile&quot;}\" ><\/div>\n<\/div>\n<div id=\"pgc-1550-5-1\"  class=\"panel-grid-cell\"  data-weight=\"0.5\" >\n<div id=\"panel-1550-5-1-0\" class=\"so-panel widget widget_origin_button panel-first-child panel-last-child\" data-index=\"13\" data-style=\"{&quot;background_image_attachment&quot;:false,&quot;background_display&quot;:&quot;tile&quot;}\" ><\/div>\n<\/div>\n<\/div>\n<div id=\"pg-1550-6\"  class=\"panel-grid panel-no-style\"  data-style=\"{&quot;background_image_attachment&quot;:false,&quot;background_display&quot;:&quot;tile&quot;,&quot;cell_alignment&quot;:&quot;flex-start&quot;}\" >\n<div id=\"pgc-1550-6-0\"  class=\"panel-grid-cell\"  data-weight=\"0.5\" >\n<div id=\"panel-1550-6-0-0\" class=\"so-panel widget widget_origin_button panel-first-child panel-last-child\" data-index=\"14\" data-style=\"{&quot;background_image_attachment&quot;:false,&quot;background_display&quot;:&quot;tile&quot;}\" ><\/div>\n<\/div>\n<div id=\"pgc-1550-6-1\"  class=\"panel-grid-cell\"  data-weight=\"0.5\" >\n<div id=\"panel-1550-6-1-0\" class=\"so-panel widget widget_origin_button panel-first-child panel-last-child\" data-index=\"15\" data-style=\"{&quot;background_image_attachment&quot;:false,&quot;background_display&quot;:&quot;tile&quot;}\" ><\/div>\n<\/div>\n<\/div>\n<div id=\"pg-1550-7\"  class=\"panel-grid panel-no-style\"  data-style=\"{&quot;background_image_attachment&quot;:false,&quot;background_display&quot;:&quot;tile&quot;,&quot;cell_alignment&quot;:&quot;flex-start&quot;}\" >\n<div id=\"pgc-1550-7-0\"  class=\"panel-grid-cell\"  data-weight=\"0.5\" >\n<div id=\"panel-1550-7-0-0\" class=\"so-panel widget widget_origin_button panel-first-child panel-last-child\" data-index=\"16\" data-style=\"{&quot;background_image_attachment&quot;:false,&quot;background_display&quot;:&quot;tile&quot;}\" ><\/div>\n<\/div>\n<div id=\"pgc-1550-7-1\"  class=\"panel-grid-cell\"  data-weight=\"0.5\" >\n<div id=\"panel-1550-7-1-0\" class=\"so-panel widget widget_origin_button panel-first-child panel-last-child\" data-index=\"17\" data-style=\"{&quot;background_image_attachment&quot;:false,&quot;background_display&quot;:&quot;tile&quot;}\" ><\/div>\n<\/div>\n<\/div>\n<div id=\"pg-1550-8\"  class=\"panel-grid panel-no-style\"  data-style=\"{&quot;background_image_attachment&quot;:false,&quot;background_display&quot;:&quot;tile&quot;,&quot;cell_alignment&quot;:&quot;flex-start&quot;}\"  data-ratio=\"1\"  data-ratio-direction=\"right\" >\n<div id=\"pgc-1550-8-0\"  class=\"panel-grid-cell panel-grid-cell-empty\"  data-weight=\"1\" ><\/div>\n<\/div>\n<div id=\"pg-1550-9\"  class=\"panel-grid panel-no-style\"  data-style=\"{&quot;background_image_attachment&quot;:false,&quot;background_display&quot;:&quot;tile&quot;,&quot;cell_alignment&quot;:&quot;flex-start&quot;}\"  data-ratio=\"1\"  data-ratio-direction=\"right\" >\n<div id=\"pgc-1550-9-0\"  class=\"panel-grid-cell\"  data-weight=\"1\" >\n<div id=\"panel-1550-9-0-0\" class=\"so-panel widget widget_text panel-first-child\" data-index=\"18\" data-style=\"{&quot;background_image_attachment&quot;:false,&quot;background_display&quot;:&quot;tile&quot;}\" >\n<h3 class=\"widget-title\">Verfolgte Christen weltweit<\/h3>\n<div class=\"textwidget\"><\/div>\n<\/p><\/div>\n<div id=\"panel-1550-9-0-1\" class=\"so-panel widget widget_text\" data-index=\"19\" data-style=\"{&quot;background_image_attachment&quot;:false,&quot;background_display&quot;:&quot;tile&quot;}\" >\n<div class=\"textwidget\">\n<p>&#8222;Was Ihr getan habt einem von diesen meinen geringsten Br\u00fcdern, das habt Ihr mir getan&#8220;<\/p>\n<p>Lukasevangelium, 25,40<\/p>\n<\/div><\/div>\n<div id=\"panel-1550-9-0-2\" class=\"so-panel widget widget_text panel-last-child\" data-index=\"20\" data-style=\"{&quot;background_image_attachment&quot;:false,&quot;background_display&quot;:&quot;tile&quot;}\" >\n<div class=\"textwidget\">\n<p>In vielen Teilen dieser Welt m\u00fcssen Christen wegen Ihres Glaubens mit gro\u00dfe Nachteilen, Verfolgung und nicht zuletzt auch mit dem Tod rechnen. Der Druck auf die Geschwister ist in vielen L\u00e4ndern dieser Erde enorm (nicht zuletzt auch aus der eigenen Familie).\u00a0 In Deutschland haben sich mindestens zwei Organisationen der Hilfe von verfolgten Christen angenommen. Die wohl bekanntesten unter diesen sind die Geschwister von Open Doors und der Hilfsaktion M\u00e4rtyrerkirche.<\/p>\n<p>Auf den Webseiten dieser Organisationen (siehe nachfolgende Links) k\u00f6nnen Sie sich n\u00e4her \u00fcber dieses wichtige Thema informieren.<\/p>\n<\/div><\/div>\n<\/div>\n<\/div>\n<div id=\"pg-1550-10\"  class=\"panel-grid panel-no-style\"  data-style=\"{&quot;background_image_attachment&quot;:false,&quot;background_display&quot;:&quot;tile&quot;,&quot;cell_alignment&quot;:&quot;flex-start&quot;}\"  data-ratio=\"1\"  data-ratio-direction=\"right\" >\n<div id=\"pgc-1550-10-0\"  class=\"panel-grid-cell\"  data-weight=\"1\" >\n<div id=\"panel-1550-10-0-0\" class=\"so-panel widget widget_text panel-first-child panel-last-child\" data-index=\"21\" data-style=\"{&quot;background_image_attachment&quot;:false,&quot;background_display&quot;:&quot;tile&quot;}\" >\n<h3 class=\"widget-title\">Links (zum Thema)<\/h3>\n<div class=\"textwidget\"><\/div>\n<\/p><\/div>\n<\/div>\n<\/div>\n<div id=\"pg-1550-11\"  class=\"panel-grid panel-no-style\"  data-style=\"{&quot;background_image_attachment&quot;:false,&quot;background_display&quot;:&quot;tile&quot;,&quot;cell_alignment&quot;:&quot;flex-start&quot;}\" >\n<div id=\"pgc-1550-11-0\"  class=\"panel-grid-cell\"  data-weight=\"0.5\" >\n<div id=\"panel-1550-11-0-0\" class=\"so-panel widget widget_origin_button panel-first-child panel-last-child\" data-index=\"22\" data-style=\"{&quot;background_image_attachment&quot;:false,&quot;background_display&quot;:&quot;tile&quot;}\" ><\/div>\n<\/div>\n<div id=\"pgc-1550-11-1\"  class=\"panel-grid-cell\"  data-weight=\"0.5\" >\n<div id=\"panel-1550-11-1-0\" class=\"so-panel widget widget_origin_button panel-first-child panel-last-child\" data-index=\"23\" data-style=\"{&quot;background_image_attachment&quot;:false,&quot;background_display&quot;:&quot;tile&quot;}\" ><\/div>\n<\/div>\n<\/div>\n<\/div>\n","protected":false},"excerpt":{"rendered":"<p>Missionsnachrichten &#8222;Wie sollen sie aber den anrufen, an den sie nicht glauben? Wie sollen sie aber an den glauben, von dem sie nichts geh\u00f6rt haben? Wie sollen sie aber h\u00f6ren ohne Prediger?&#8220; R\u00f6mer 10,14 Biographien von Missionaren Nachfolgend einige Buchempfehlungen die wir Ihnen passend zum Thema: Mission unter den Unerreichten in aller Welt vorstellen m\u00f6chten. [&hellip;]<\/p>\n","protected":false},"author":1,"featured_media":0,"parent":0,"menu_order":0,"comment_status":"closed","ping_status":"closed","template":"page-templates\/full-width.php","meta":{"footnotes":""},"class_list":["post-1550","page","type-page","status-publish","hentry"],"_links":{"self":[{"href":"https:\/\/www.christen-bamberg.de\/index.php?rest_route=\/wp\/v2\/pages\/1550","targetHints":{"allow":["GET"]}}],"collection":[{"href":"https:\/\/www.christen-bamberg.de\/index.php?rest_route=\/wp\/v2\/pages"}],"about":[{"href":"https:\/\/www.christen-bamberg.de\/index.php?rest_route=\/wp\/v2\/types\/page"}],"author":[{"embeddable":true,"href":"https:\/\/www.christen-bamberg.de\/index.php?rest_route=\/wp\/v2\/users\/1"}],"replies":[{"embeddable":true,"href":"https:\/\/www.christen-bamberg.de\/index.php?rest_route=%2Fwp%2Fv2%2Fcomments&post=1550"}],"version-history":[{"count":103,"href":"https:\/\/www.christen-bamberg.de\/index.php?rest_route=\/wp\/v2\/pages\/1550\/revisions"}],"predecessor-version":[{"id":3097,"href":"https:\/\/www.christen-bamberg.de\/index.php?rest_route=\/wp\/v2\/pages\/1550\/revisions\/3097"}],"wp:attachment":[{"href":"https:\/\/www.christen-bamberg.de\/index.php?rest_route=%2Fwp%2Fv2%2Fmedia&parent=1550"}],"curies":[{"name":"wp","href":"https:\/\/api.w.org\/{rel}","templated":true}]}}