{"id":2,"date":"2013-09-12T21:15:02","date_gmt":"2013-09-12T19:15:02","guid":{"rendered":"http:\/\/christen-bamberg.de\/wordpress\/?page_id=2"},"modified":"2020-04-30T18:13:17","modified_gmt":"2020-04-30T16:13:17","slug":"beispiel-seite","status":"publish","type":"page","link":"https:\/\/www.christen-bamberg.de\/?page_id=2","title":{"rendered":"Wer sind wir?"},"content":{"rendered":"<p style=\"text-align: justify;\">Wir sind Menschen aus Bamberg und Umgebung, die die Hoffnung f\u00fcr ihr ganzes Leben auf Jesus Christus gesetzt und durch ihn Frieden mit Gott und neues Leben empfangen haben.<\/p>\n<p style=\"text-align: justify;\">Wir glauben, dass die Bibel Gottes umfassende Offenbarung an uns Menschen ist &#8211; in ihrer Gesamtheit absolut wahr, zuverl\u00e4ssig und verbindlich f\u00fcr unser Leben. In den christlichen Hauptlehren, die im apostolischen Glaubensbekenntnis formuliert sind, stimmen wir mit allen christlichen Kirchen \u00fcberein.<\/p>\n<p style=\"text-align: justify;\">Wir vertreten weder irgendeine religi\u00f6se Sonderlehre und auch keine Sekte oder Organisation. Es geht uns in allererster Linie um eine echte pers\u00f6nliche Beziehung zu Gott durch Jesus Christus. Als Christen wissen wir uns mit all denen verbunden, die Jesus Christus als ihren pers\u00f6nlichen Herrn und Retter kennen und ihm gehorchen wollen, ohne R\u00fccksicht darauf, in welche Konfession oder Organisation sie eingebunden sind oder nicht.<\/p>\n<p style=\"text-align: justify;\">Wir selbst versammeln uns als eine freie Gemeinde, unabh\u00e4ngig von menschlichen \u00dcberlieferungen und Traditionen, allein gebunden an Gottes Wort. Mittelpunkt unserer Zusammenk\u00fcnfte ist der auferstandene Sohn Gottes und seine Botschaft, die Bibel. Da wir f\u00fcr Gegenwart und Zukunft &#8211; und \u00fcber unseren irdischen Tod hinaus &#8211; alles von Jesus Christus erwarten, wollen wir uns auch im Alltag seinem Willen unterordnen.<\/p>\n<p style=\"text-align: justify;\">Wenn wir auch leider bei weitem nicht perfekt sind, ist es doch unser Wunsch, durch unser Leben f\u00fcr andere Menschen Wegweiser zu Jesus Christus sein zu k\u00f6nnen. Unsere pers\u00f6nliche Beziehung zu ihm und sein Auftrag veranlassen uns, seine lebenswichtige Botschaft der Hoffnung und Freude durch regelm\u00e4\u00dfige Veranstaltungen, Vortragsabende, Bibelstudienkreise und Schriften weiterzugeben.<\/p>\n<p style=\"text-align: justify;\">Wenn auch Sie die Realit\u00e4t eines Lebens in der pers\u00f6nlichen Gemeinschaft mit dem lebendigen Gott erfahren wollen oder wenn auch Sie Ihre ganze Hoffnung auf den Sohn Gottes gesetzt haben, aber noch keine zufriedenstellende Gemeinschaft mit bewussten Christen gefunden haben, sind Sie bei uns herzlich willkommen.<\/p>\n","protected":false},"excerpt":{"rendered":"<p>Wir sind Menschen aus Bamberg und Umgebung, die die Hoffnung f\u00fcr ihr ganzes Leben auf Jesus Christus gesetzt und durch ihn Frieden mit Gott und neues Leben empfangen haben. Wir glauben, dass die Bibel Gottes umfassende Offenbarung an uns Menschen ist &#8211; in ihrer Gesamtheit absolut wahr, zuverl\u00e4ssig und verbindlich f\u00fcr unser Leben. In den [&hellip;]<\/p>\n","protected":false},"author":1,"featured_media":0,"parent":0,"menu_order":0,"comment_status":"closed","ping_status":"closed","template":"page-templates\/full-width.php","meta":{"footnotes":""},"class_list":["post-2","page","type-page","status-publish","hentry"],"_links":{"self":[{"href":"https:\/\/www.christen-bamberg.de\/index.php?rest_route=\/wp\/v2\/pages\/2","targetHints":{"allow":["GET"]}}],"collection":[{"href":"https:\/\/www.christen-bamberg.de\/index.php?rest_route=\/wp\/v2\/pages"}],"about":[{"href":"https:\/\/www.christen-bamberg.de\/index.php?rest_route=\/wp\/v2\/types\/page"}],"author":[{"embeddable":true,"href":"https:\/\/www.christen-bamberg.de\/index.php?rest_route=\/wp\/v2\/users\/1"}],"replies":[{"embeddable":true,"href":"https:\/\/www.christen-bamberg.de\/index.php?rest_route=%2Fwp%2Fv2%2Fcomments&post=2"}],"version-history":[{"count":10,"href":"https:\/\/www.christen-bamberg.de\/index.php?rest_route=\/wp\/v2\/pages\/2\/revisions"}],"predecessor-version":[{"id":2977,"href":"https:\/\/www.christen-bamberg.de\/index.php?rest_route=\/wp\/v2\/pages\/2\/revisions\/2977"}],"wp:attachment":[{"href":"https:\/\/www.christen-bamberg.de\/index.php?rest_route=%2Fwp%2Fv2%2Fmedia&parent=2"}],"curies":[{"name":"wp","href":"https:\/\/api.w.org\/{rel}","templated":true}]}}