{"id":36,"date":"2013-09-13T16:27:04","date_gmt":"2013-09-13T14:27:04","guid":{"rendered":"http:\/\/christen-bamberg.de\/wordpress\/?page_id=36"},"modified":"2025-08-14T13:58:45","modified_gmt":"2025-08-14T11:58:45","slug":"impressum","status":"publish","type":"page","link":"https:\/\/www.christen-bamberg.de\/?page_id=36","title":{"rendered":"Impressum"},"content":{"rendered":"<h1 class=\"p1\">Impressum<\/h1>\n<p class=\"p2\">Christliche Gemeinde Bamberg e.V.<\/p>\n<p class=\"p2\">J\u00e4ckstra\u00dfe 33<\/p>\n<p class=\"p2\">96052 Bamberg<\/p>\n<p class=\"p2\">Vereinsregister: VR 201320<\/p>\n<p class=\"p2\">Registergericht: Amtsgericht Bamberg<\/p>\n<p class=\"p2\"><strong>Vertreten durch:<\/strong><\/p>\n<p class=\"p2\">David Scheib<\/p>\n<p class=\"p2\">Frank Lipfert<\/p>\n<h1 class=\"p3\">Kontakt<\/h1>\n<p>Telefon: 015129587780<\/p>\n<p>E-Mail: gemeinde@christen-bamberg.de<\/p>\n<h1 class=\"p3\">Verbraucherstreitbeilegung\/Universalschlichtungsstelle<\/h1>\n<p class=\"p2\">Wir sind nicht bereit oder verpflichtet, an Streitbeilegungsverfahren vor einer Verbraucherschlichtungsstelle teilzunehmen.<\/p>\n<h1>Haftung f\u00fcr Inhalte<\/h1>\n<p>Als Diensteanbieter sind wir gem\u00e4\u00df \u00a7 7 Abs.1 TMG f\u00fcr eigene Inhalte auf diesen Seiten nach den allgemeinen Gesetzen verantwortlich. Nach \u00a7\u00a7 8 bis 10 TMG sind wir als Diensteanbieter jedoch nicht verpflichtet, \u00fcbermittelte oder gespeicherte fremde Informationen zu \u00fcberwachen oder nach Umst\u00e4nden zu forschen, die auf eine rechtswidrige T\u00e4tigkeit hinweisen.<\/p>\n<p>Verpflichtungen zur Entfernung oder Sperrung der Nutzung von Informationen nach den allgemeinen Gesetzen bleiben hiervon unber\u00fchrt. Eine diesbez\u00fcgliche Haftung ist jedoch erst ab dem Zeitpunkt der Kenntnis einer konkreten Rechtsverletzung m\u00f6glich. Bei Bekanntwerden von entsprechenden Rechtsverletzungen werden wir diese Inhalte umgehend entfernen.<\/p>\n<h3>Haftung f\u00fcr Links<\/h3>\n<p>Unser Angebot enth\u00e4lt Links zu externen Websites Dritter, auf deren Inhalte wir keinen Einfluss haben. Deshalb k\u00f6nnen wir f\u00fcr diese fremden Inhalte auch keine Gew\u00e4hr \u00fcbernehmen. F\u00fcr die Inhalte der verlinkten Seiten ist stets der jeweilige Anbieter oder Betreiber der Seiten verantwortlich. Die verlinkten Seiten wurden zum Zeitpunkt der Verlinkung auf m\u00f6gliche Rechtsverst\u00f6\u00dfe \u00fcberpr\u00fcft. Rechtswidrige Inhalte waren zum Zeitpunkt der Verlinkung nicht erkennbar.<\/p>\n<p>Eine permanente inhaltliche Kontrolle der verlinkten Seiten ist jedoch ohne konkrete Anhaltspunkte einer Rechtsverletzung nicht zumutbar. Bei Bekanntwerden von Rechtsverletzungen werden wir derartige Links umgehend entfernen.<\/p>\n<h3>Urheberrecht<\/h3>\n<p>Die durch die Seitenbetreiber erstellten Inhalte und Werke auf diesen Seiten unterliegen dem deutschen Urheberrecht. Die Vervielf\u00e4ltigung, Bearbeitung, Verbreitung und jede Art der Verwertung au\u00dferhalb der Grenzen des Urheberrechtes bed\u00fcrfen der schriftlichen Zustimmung des jeweiligen Autors bzw. Erstellers. Downloads und Kopien dieser Seite sind nur f\u00fcr den privaten, nicht kommerziellen Gebrauch gestattet.<\/p>\n<p>Soweit die Inhalte auf dieser Seite nicht vom Betreiber erstellt wurden, werden die Urheberrechte Dritter beachtet. Insbesondere werden Inhalte Dritter als solche gekennzeichnet. Sollten Sie trotzdem auf eine Urheberrechtsverletzung aufmerksam werden, bitten wir um einen entsprechenden Hinweis. Bei Bekanntwerden von Rechtsverletzungen werden wir derartige Inhalte umgehend entfernen.<\/p>\n<hr \/>\n<p><b>Quellenangaben f\u00fcr die verwendeten Bilder und Grafiken pro Seite:<\/b><\/p>\n<p><strong>Seite: &#8222;Herzlich Willkommen&#8220;\u00a0\u00a0\u00a0\u00a0\u00a0<\/strong><\/p>\n<p>Bildmaterial: Private Bildaufnahmen<\/p>\n<p>Bildmaterial &#8222;Wo Sie uns finden&#8220;: Bild von MMi9 auf Pixabay<\/p>\n<p>Bildmaterial &#8222;Unsere Termine&#8220;: Bild von <span class=\"attribution_field hide-sm hide-md\">Bastian Wiedenhaupt auf Pixabay<\/span><\/p>\n<p><strong>Seite: &#8222;Die Frohe Botschaft&#8220;\u00a0<\/strong><\/p>\n<p>Bildmaterial: Private Bildaufnahmen<\/p>\n<p><strong>Seite: &#8222;Aktuelles&#8220;\u00a0\u00a0<\/strong><\/p>\n<p>Bildmaterial: Private Bildaufnahme<\/p>\n<p><strong>Seite: &#8222;Der Weg zu uns&#8220;\u00a0\u00a0<\/strong><\/p>\n<p>Bildmaterial: Private Bildaufnahme<\/p>\n<p><strong>Seite: &#8222;Termine&#8220;\u00a0\u00a0<\/strong><\/p>\n<p><strong>\u00a0<\/strong>Bildmaterial: <span class=\"attribution_field hide-sm hide-md\">Bild von Bastian Wiedenhaupt auf Pixabay\u00a0\u00a0\u00a0<\/span><\/p>\n<p><strong>Seite: &#8222;Wer wir sind&#8220;\u00a0\u00a0<\/strong><\/p>\n<p>Bildmaterial: Bild von Martin Redlin auf Pixabay<\/p>\n<p><strong>Seite: &#8222;Evangelistische Vortr\u00e4ge&#8220;\u00a0<\/strong><\/p>\n<p>Bildmaterial: Private Bildaufnahme<\/p>\n<p><strong>Seite: &#8222;B\u00fccherstand&#8220;\u00a0\u00a0\u00a0\u00a0\u00a0\u00a0\u00a0\u00a0<\/strong><\/p>\n<p>Bildmaterial Header: Bild von Free-Photos auf Pixabay<\/p>\n<p>Bildmaterial: B\u00fccherstand: Private Bildaufnahme<\/p>\n<p>Bildmaterial Buchcover &#8211;\u00a0 &#8222;Fragw\u00fcrdig&#8220; &#8211; www.clv.de<\/p>\n<p>Bildmaterial Buchcover &#8211; &#8222;Das Neue Testament&#8220; &#8211; www.soulsaver.de<\/p>\n<p>Bildmaterial Buchcover &#8211; &#8222;Ein M\u00e4dchen auf der Suche nach Liebe&#8220; &#8211; www.soulsaver.de<\/p>\n<p>Bildmaterial Buchcover &#8211; &#8222;Rock im Sarg&#8220; &#8211; www.soulbooks.de<\/p>\n<p>Bildmaterial Buchcover &#8211; &#8222;Meine Suche nach Wahrheit&#8220; &#8211; www.cv-dillenburg.de<\/p>\n<p>Bildmaterial Buchcover &#8211; &#8222;Wenn Gott frei macht&#8220; &#8211; www.clv.de<\/p>\n<p>Bildmaterial Buchcover &#8211; &#8222;Jesus unser Schicksal&#8220; &#8211; www.clv.de<\/p>\n<p>Bildmaterial Buchcover &#8211; &#8222;Bibel und Wissenschaft&#8230;&#8220; &#8211; www.clv.de<\/p>\n<p><strong>Seite: &#8222;Bamberg und die Welt&#8220;\u00a0\u00a0\u00a0<\/strong><\/p>\n<p>Bildmaterial Header: Bild von Gerd Altmann auf Pixabay<\/p>\n<p>Bildmaterial Buchcover &#8211; &#8222;J.Hudson Taylor&#8220; &#8211; www.clv.de<\/p>\n<p>Bildmaterial Buchcover &#8211; &#8222;Im Schatten des Allm\u00e4chtigen &#8211; www.clv.de<\/p>\n<p>Bildmaterial Buchcover &#8211; &#8222;Charles T. Studd&#8220; &#8211; www.clv.de<\/p>\n<p><strong>Seite: &#8222;Videos&#8220;\u00a0<\/strong><\/p>\n<p>Bildmaterial Header: Bild von Gerd Altmann auf Pixabay<\/p>\n<p><strong>Seite: &#8222;Links&#8220;\u00a0\u00a0<\/strong><\/p>\n<p>Bildmaterial: Private Bildaufnahme<\/p>\n<p><strong>Seite: &#8222;Kontakt&#8220;\u00a0\u00a0\u00a0\u00a0\u00a0\u00a0\u00a0\u00a0<\/strong><\/p>\n<p>Bildmaterial Header: Bild von Tumisu auf Pixabay<\/p>\n<p><strong>Seite: &#8222;Impressum&#8220;\u00a0\u00a0\u00a0<\/strong><\/p>\n<p>Bildmaterial: Private Bildaufnahme<\/p>\n","protected":false},"excerpt":{"rendered":"<p>Impressum Christliche Gemeinde Bamberg e.V. J\u00e4ckstra\u00dfe 33 96052 Bamberg Vereinsregister: VR 201320 Registergericht: Amtsgericht Bamberg Vertreten durch: David Scheib Frank Lipfert Kontakt Telefon: 015129587780 E-Mail: gemeinde@christen-bamberg.de Verbraucherstreitbeilegung\/Universalschlichtungsstelle Wir sind nicht bereit oder verpflichtet, an Streitbeilegungsverfahren vor einer Verbraucherschlichtungsstelle teilzunehmen. Haftung f\u00fcr Inhalte Als Diensteanbieter sind wir gem\u00e4\u00df \u00a7 7 Abs.1 TMG f\u00fcr eigene Inhalte auf [&hellip;]<\/p>\n","protected":false},"author":1,"featured_media":0,"parent":0,"menu_order":0,"comment_status":"closed","ping_status":"closed","template":"page-templates\/full-width.php","meta":{"footnotes":""},"class_list":["post-36","page","type-page","status-publish","hentry"],"_links":{"self":[{"href":"https:\/\/www.christen-bamberg.de\/index.php?rest_route=\/wp\/v2\/pages\/36","targetHints":{"allow":["GET"]}}],"collection":[{"href":"https:\/\/www.christen-bamberg.de\/index.php?rest_route=\/wp\/v2\/pages"}],"about":[{"href":"https:\/\/www.christen-bamberg.de\/index.php?rest_route=\/wp\/v2\/types\/page"}],"author":[{"embeddable":true,"href":"https:\/\/www.christen-bamberg.de\/index.php?rest_route=\/wp\/v2\/users\/1"}],"replies":[{"embeddable":true,"href":"https:\/\/www.christen-bamberg.de\/index.php?rest_route=%2Fwp%2Fv2%2Fcomments&post=36"}],"version-history":[{"count":52,"href":"https:\/\/www.christen-bamberg.de\/index.php?rest_route=\/wp\/v2\/pages\/36\/revisions"}],"predecessor-version":[{"id":29189,"href":"https:\/\/www.christen-bamberg.de\/index.php?rest_route=\/wp\/v2\/pages\/36\/revisions\/29189"}],"wp:attachment":[{"href":"https:\/\/www.christen-bamberg.de\/index.php?rest_route=%2Fwp%2Fv2%2Fmedia&parent=36"}],"curies":[{"name":"wp","href":"https:\/\/api.w.org\/{rel}","templated":true}]}}